{"id":99,"date":"2020-08-04T03:06:30","date_gmt":"2020-08-04T03:06:30","guid":{"rendered":"https:\/\/trade360solutions.com\/?page_id=99"},"modified":"2020-08-22T06:27:53","modified_gmt":"2020-08-22T12:27:53","slug":"specialty-areas","status":"publish","type":"page","link":"https:\/\/trade360solutions.com\/es\/specialty-areas\/","title":{"rendered":"\u00c1reas de Especialidad"},"content":{"rendered":"<div data-elementor-type=\"wp-page\" data-elementor-id=\"99\" class=\"elementor elementor-99\" data-elementor-settings=\"[]\">\n\t\t\t\t\t\t<div class=\"elementor-inner\">\n\t\t\t\t\t\t\t<div class=\"elementor-section-wrap\">\n\t\t\t\t\t\t\t<section class=\"elementor-section elementor-top-section elementor-element elementor-element-8b6ba54 elementor-section-boxed elementor-section-height-default elementor-section-height-default\" data-id=\"8b6ba54\" data-element_type=\"section\">\n\t\t\t\t\t\t<div class=\"elementor-container elementor-column-gap-default\">\n\t\t\t\t\t\t\t<div class=\"elementor-row\">\n\t\t\t\t\t<div class=\"elementor-column elementor-col-33 elementor-top-column elementor-element elementor-element-c3361e7\" data-id=\"c3361e7\" data-element_type=\"column\">\n\t\t\t<div class=\"elementor-column-wrap elementor-element-populated\">\n\t\t\t\t\t\t\t<div class=\"elementor-widget-wrap\">\n\t\t\t\t\t\t<div class=\"elementor-element elementor-element-723bb304 pr-infobox-content-align-left pr-infobox-icon-bg-shape-none pr-infobox-icon-hover-bg-shape-none elementor-widget elementor-widget-pr-infobox\" data-id=\"723bb304\" data-element_type=\"widget\" data-widget_type=\"pr-infobox.default\">\n\t\t\t\t<div class=\"elementor-widget-container\">\n\t\t\t\t\t<a href=\"https:\/\/trade360solutions.com\/es\/specialty-areas\/digital-marketing\/\"  >\t\t<div class=\"pr-infobox\">\n\t\t\t\t\t<div class=\"infobox-icon pr-icon-only\">\n\n\t\t\t\t\n\t\t\t\t\t\t\t\t<div class=\"infobox-icon-wrap\">\n\t\t\t\t\t<i class=\"icon icon-laptop-phone\"><\/i>\n\t\t\t\t<\/div>\n\t\t\t\t\n\t\t\t\t\n\t\t\t<\/div>\n\t\t\t\t\t<div class=\"infobox-content pr-icon-only\">\n\t\t\t\t<h3 class=\"title\">Mercadeo Digital.<\/h3>\n\t\t\t\t\t\t\t\t\t<div class=\"pr-infobox-hr-holder\">\n\t\t\t\t\t\t<hr class=\"pr-infobox-hr\">\n\t\t\t\t\t<\/div>\n\t\t\t\t\t\t\t\t\t\t\t\t\t\t\t\t\t\t\t\t\t<p>Nos enfocamos en conectar con su p\u00fablico objetivo a trav\u00e9s de varios canales y plataformas de medios digitales.<\/p>\n\t\t\t\t\t\t\t\t\t\t\t\t\t\t\t\t\n\t\t\t\t\t\t\t<\/div>\n\t\t<\/div><\/a>\t\t<\/div>\n\t\t\t\t<\/div>\n\t\t\t\t\t\t<\/div>\n\t\t\t\t\t<\/div>\n\t\t<\/div>\n\t\t\t\t<div class=\"elementor-column elementor-col-33 elementor-top-column elementor-element elementor-element-16a078d\" data-id=\"16a078d\" data-element_type=\"column\">\n\t\t\t<div class=\"elementor-column-wrap elementor-element-populated\">\n\t\t\t\t\t\t\t<div class=\"elementor-widget-wrap\">\n\t\t\t\t\t\t<div class=\"elementor-element elementor-element-3aa2deb pr-infobox-content-align-left pr-infobox-icon-bg-shape-none pr-infobox-icon-hover-bg-shape-none elementor-widget elementor-widget-pr-infobox\" data-id=\"3aa2deb\" data-element_type=\"widget\" data-widget_type=\"pr-infobox.default\">\n\t\t\t\t<div class=\"elementor-widget-container\">\n\t\t\t\t\t<a href=\"https:\/\/trade360solutions.com\/es\/specialty-areas\/telemarketing\/\"  >\t\t<div class=\"pr-infobox\">\n\t\t\t\t\t<div class=\"infobox-icon pr-icon-only\">\n\n\t\t\t\t\n\t\t\t\t\t\t\t\t<div class=\"infobox-icon-wrap\">\n\t\t\t\t\t<i class=\"icon icon-support\"><\/i>\n\t\t\t\t<\/div>\n\t\t\t\t\n\t\t\t\t\n\t\t\t<\/div>\n\t\t\t\t\t<div class=\"infobox-content pr-icon-only\">\n\t\t\t\t<h3 class=\"title\">Telemercadeo<\/h3>\n\t\t\t\t\t\t\t\t\t<div class=\"pr-infobox-hr-holder\">\n\t\t\t\t\t\t<hr class=\"pr-infobox-hr\">\n\t\t\t\t\t<\/div>\n\t\t\t\t\t\t\t\t\t\t\t\t\t\t\t\t\t\t\t\t\t<p>Nos encargamos de la comercializaci\u00f3n directa de bienes o servicios a sus potenciales clientes por tel\u00e9fono o Internet.<\/p>\n\t\t\t\t\t\t\t\t\t\t\t\t\t\t\t\t\n\t\t\t\t\t\t\t<\/div>\n\t\t<\/div><\/a>\t\t<\/div>\n\t\t\t\t<\/div>\n\t\t\t\t\t\t<\/div>\n\t\t\t\t\t<\/div>\n\t\t<\/div>\n\t\t\t\t<div class=\"elementor-column elementor-col-33 elementor-top-column elementor-element elementor-element-df91bed\" data-id=\"df91bed\" data-element_type=\"column\">\n\t\t\t<div class=\"elementor-column-wrap elementor-element-populated\">\n\t\t\t\t\t\t\t<div class=\"elementor-widget-wrap\">\n\t\t\t\t\t\t<div class=\"elementor-element elementor-element-31deb768 pr-infobox-content-align-left r__shape pr-infobox-icon-bg-shape-none pr-infobox-icon-hover-bg-shape-none elementor-widget elementor-widget-pr-infobox\" data-id=\"31deb768\" data-element_type=\"widget\" data-widget_type=\"pr-infobox.default\">\n\t\t\t\t<div class=\"elementor-widget-container\">\n\t\t\t\t\t<a href=\"https:\/\/trade360solutions.com\/es\/specialty-areas\/market-research\/\"  >\t\t<div class=\"pr-infobox\">\n\t\t\t\t\t<div class=\"infobox-icon pr-icon-only\">\n\n\t\t\t\t\n\t\t\t\t\t\t\t\t<div class=\"infobox-icon-wrap\">\n\t\t\t\t\t<i class=\"icon icon-pie-chart\"><\/i>\n\t\t\t\t<\/div>\n\t\t\t\t\n\t\t\t\t\n\t\t\t<\/div>\n\t\t\t\t\t<div class=\"infobox-content pr-icon-only\">\n\t\t\t\t<h3 class=\"title\">Investigaci\u00f3n de Mercado<\/h3>\n\t\t\t\t\t\t\t\t\t<div class=\"pr-infobox-hr-holder\">\n\t\t\t\t\t\t<hr class=\"pr-infobox-hr\">\n\t\t\t\t\t<\/div>\n\t\t\t\t\t\t\t\t\t\t\t\t\t\t\t\t\t\t\t\t\t<p>Nuestra investigaci\u00f3n de mercado es un proceso sistem\u00e1tico de recopilaci\u00f3n, an\u00e1lisis e interpretaci\u00f3n de informaci\u00f3n. <\/p>\n\t\t\t\t\t\t\t\t\t\t\t\t\t\t\t\t\n\t\t\t\t\t\t\t<\/div>\n\t\t<\/div><\/a>\t\t<\/div>\n\t\t\t\t<\/div>\n\t\t\t\t\t\t<\/div>\n\t\t\t\t\t<\/div>\n\t\t<\/div>\n\t\t\t\t\t\t\t\t<\/div>\n\t\t\t\t\t<\/div>\n\t\t<\/section>\n\t\t\t\t\t\t<\/div>\n\t\t\t\t\t\t<\/div>\n\t\t\t\t\t<\/div>","protected":false},"excerpt":{"rendered":"<p>Digital Marketing. We focus to connect with your target audience through various channels and digital media platforms. Telemarketing. We take care of the direct marketing of goods or services to your potential clients by telephone or Internet. Market Research. Our&hellip;<\/p>","protected":false},"author":1,"featured_media":0,"parent":0,"menu_order":0,"comment_status":"closed","ping_status":"closed","template":"","meta":{"footnotes":""},"class_list":["post-99","page","type-page","status-publish","hentry"],"_links":{"self":[{"href":"https:\/\/trade360solutions.com\/es\/wp-json\/wp\/v2\/pages\/99","targetHints":{"allow":["GET"]}}],"collection":[{"href":"https:\/\/trade360solutions.com\/es\/wp-json\/wp\/v2\/pages"}],"about":[{"href":"https:\/\/trade360solutions.com\/es\/wp-json\/wp\/v2\/types\/page"}],"author":[{"embeddable":true,"href":"https:\/\/trade360solutions.com\/es\/wp-json\/wp\/v2\/users\/1"}],"replies":[{"embeddable":true,"href":"https:\/\/trade360solutions.com\/es\/wp-json\/wp\/v2\/comments?post=99"}],"version-history":[{"count":5,"href":"https:\/\/trade360solutions.com\/es\/wp-json\/wp\/v2\/pages\/99\/revisions"}],"predecessor-version":[{"id":297,"href":"https:\/\/trade360solutions.com\/es\/wp-json\/wp\/v2\/pages\/99\/revisions\/297"}],"wp:attachment":[{"href":"https:\/\/trade360solutions.com\/es\/wp-json\/wp\/v2\/media?parent=99"}],"curies":[{"name":"wp","href":"https:\/\/api.w.org\/{rel}","templated":true}]}}