{"id":95,"date":"2020-08-04T03:04:15","date_gmt":"2020-08-04T03:04:15","guid":{"rendered":"https:\/\/trade360solutions.com\/?page_id=95"},"modified":"2020-08-24T09:26:38","modified_gmt":"2020-08-24T15:26:38","slug":"telemarketing","status":"publish","type":"page","link":"https:\/\/trade360solutions.com\/es\/specialty-areas\/telemarketing\/","title":{"rendered":"Telemercadeo"},"content":{"rendered":"<div data-elementor-type=\"wp-page\" data-elementor-id=\"95\" class=\"elementor elementor-95\" data-elementor-settings=\"[]\">\n\t\t\t\t\t\t<div class=\"elementor-inner\">\n\t\t\t\t\t\t\t<div class=\"elementor-section-wrap\">\n\t\t\t\t\t\t\t<section class=\"elementor-section elementor-top-section elementor-element elementor-element-288aa341 elementor-section-content-middle elementor-section-boxed elementor-section-height-default elementor-section-height-default\" data-id=\"288aa341\" data-element_type=\"section\">\n\t\t\t\t\t\t<div class=\"elementor-container elementor-column-gap-default\">\n\t\t\t\t\t\t\t<div class=\"elementor-row\">\n\t\t\t\t\t<div class=\"elementor-column elementor-col-50 elementor-top-column elementor-element elementor-element-4b6123ce\" data-id=\"4b6123ce\" data-element_type=\"column\">\n\t\t\t<div class=\"elementor-column-wrap elementor-element-populated\">\n\t\t\t\t\t\t\t<div class=\"elementor-widget-wrap\">\n\t\t\t\t\t\t<div class=\"elementor-element elementor-element-74cea829 elementor-widget elementor-widget-heading\" data-id=\"74cea829\" data-element_type=\"widget\" data-widget_type=\"heading.default\">\n\t\t\t\t<div class=\"elementor-widget-container\">\n\t\t\t<h2 class=\"elementor-heading-title elementor-size-default\">El poder de las conversaciones.<\/h2>\t\t<\/div>\n\t\t\t\t<\/div>\n\t\t\t\t<div class=\"elementor-element elementor-element-601c8b43 elementor-widget elementor-widget-text-editor\" data-id=\"601c8b43\" data-element_type=\"widget\" data-widget_type=\"text-editor.default\">\n\t\t\t\t<div class=\"elementor-widget-container\">\n\t\t\t\t\t<div class=\"elementor-text-editor elementor-clearfix\"><p>El telemercadeo no solo genera oportunidades de venta y ventas para la empresa, sino que tambi\u00e9n es una forma eficaz de mantenerse en contacto con los clientes que brindan retroalimentaci\u00f3n peri\u00f3dica sobre los productos y servicios de la empresa. Esto permite a la empresa aceptar cr\u00edticas constructivas y mejorar sus servicios.<\/p><p>Aparte de esto, tambi\u00e9n puede resultar muy rentable para las empresas que tienen presupuestos de mercadeo limitados pero que desean generar los m\u00e1ximos resultados de sus campa\u00f1as.<\/p><p>Estas ventajas atestiguan el hecho de que el telemarketing es beneficioso para las empresas y las empresas incluso con la afluencia del mercadeo digital. Nada puede reemplazar el poder de las conversaciones uno a uno con los clientes.<\/p><\/div>\n\t\t\t\t<\/div>\n\t\t\t\t<\/div>\n\t\t\t\t\t\t<\/div>\n\t\t\t\t\t<\/div>\n\t\t<\/div>\n\t\t\t\t<div class=\"elementor-column elementor-col-50 elementor-top-column elementor-element elementor-element-4889c2b6\" data-id=\"4889c2b6\" data-element_type=\"column\">\n\t\t\t<div class=\"elementor-column-wrap elementor-element-populated\">\n\t\t\t\t\t\t\t<div class=\"elementor-widget-wrap\">\n\t\t\t\t\t\t<div class=\"elementor-element elementor-element-16a80dca elementor-widget elementor-widget-image\" data-id=\"16a80dca\" data-element_type=\"widget\" data-widget_type=\"image.default\">\n\t\t\t\t<div class=\"elementor-widget-container\">\n\t\t\t\t\t<div class=\"elementor-image\">\n\t\t\t\t\t\t\t\t\t\t<img loading=\"lazy\" decoding=\"async\" width=\"976\" height=\"743\" src=\"https:\/\/trade360solutions.com\/wp-content\/uploads\/2020\/08\/telemarketing.png\" class=\"attachment-large size-large\" alt=\"\" srcset=\"https:\/\/trade360solutions.com\/wp-content\/uploads\/2020\/08\/telemarketing.png 976w, https:\/\/trade360solutions.com\/wp-content\/uploads\/2020\/08\/telemarketing-300x228.png 300w, https:\/\/trade360solutions.com\/wp-content\/uploads\/2020\/08\/telemarketing-768x585.png 768w, https:\/\/trade360solutions.com\/wp-content\/uploads\/2020\/08\/telemarketing-965x735.png 965w\" sizes=\"auto, (max-width: 976px) 100vw, 976px\" \/>\t\t\t\t\t\t\t\t\t\t\t<\/div>\n\t\t\t\t<\/div>\n\t\t\t\t<\/div>\n\t\t\t\t\t\t<\/div>\n\t\t\t\t\t<\/div>\n\t\t<\/div>\n\t\t\t\t\t\t\t\t<\/div>\n\t\t\t\t\t<\/div>\n\t\t<\/section>\n\t\t\t\t\t\t<\/div>\n\t\t\t\t\t\t<\/div>\n\t\t\t\t\t<\/div>","protected":false},"excerpt":{"rendered":"<p>The power of conversations. Telemarketing not only generates leads and sales for the company, but it is also an efficient way of keeping in touch with customers who provide regular feedback for the company\u2019s products and services. This allows the&hellip;<\/p>","protected":false},"author":1,"featured_media":0,"parent":99,"menu_order":0,"comment_status":"closed","ping_status":"closed","template":"","meta":{"footnotes":""},"class_list":["post-95","page","type-page","status-publish","hentry"],"_links":{"self":[{"href":"https:\/\/trade360solutions.com\/es\/wp-json\/wp\/v2\/pages\/95","targetHints":{"allow":["GET"]}}],"collection":[{"href":"https:\/\/trade360solutions.com\/es\/wp-json\/wp\/v2\/pages"}],"about":[{"href":"https:\/\/trade360solutions.com\/es\/wp-json\/wp\/v2\/types\/page"}],"author":[{"embeddable":true,"href":"https:\/\/trade360solutions.com\/es\/wp-json\/wp\/v2\/users\/1"}],"replies":[{"embeddable":true,"href":"https:\/\/trade360solutions.com\/es\/wp-json\/wp\/v2\/comments?post=95"}],"version-history":[{"count":3,"href":"https:\/\/trade360solutions.com\/es\/wp-json\/wp\/v2\/pages\/95\/revisions"}],"predecessor-version":[{"id":386,"href":"https:\/\/trade360solutions.com\/es\/wp-json\/wp\/v2\/pages\/95\/revisions\/386"}],"up":[{"embeddable":true,"href":"https:\/\/trade360solutions.com\/es\/wp-json\/wp\/v2\/pages\/99"}],"wp:attachment":[{"href":"https:\/\/trade360solutions.com\/es\/wp-json\/wp\/v2\/media?parent=95"}],"curies":[{"name":"wp","href":"https:\/\/api.w.org\/{rel}","templated":true}]}}