{"id":93,"date":"2020-08-04T03:03:46","date_gmt":"2020-08-04T03:03:46","guid":{"rendered":"https:\/\/trade360solutions.com\/?page_id=93"},"modified":"2020-08-24T12:31:00","modified_gmt":"2020-08-24T18:31:00","slug":"digital-marketing","status":"publish","type":"page","link":"https:\/\/trade360solutions.com\/es\/specialty-areas\/digital-marketing\/","title":{"rendered":"Mercadeo Digital"},"content":{"rendered":"<div data-elementor-type=\"wp-page\" data-elementor-id=\"93\" class=\"elementor elementor-93\" data-elementor-settings=\"[]\">\n\t\t\t\t\t\t<div class=\"elementor-inner\">\n\t\t\t\t\t\t\t<div class=\"elementor-section-wrap\">\n\t\t\t\t\t\t\t<section class=\"elementor-section elementor-top-section elementor-element elementor-element-0f7260c elementor-section-boxed elementor-section-height-default elementor-section-height-default\" data-id=\"0f7260c\" data-element_type=\"section\">\n\t\t\t\t\t\t<div class=\"elementor-container elementor-column-gap-default\">\n\t\t\t\t\t\t\t<div class=\"elementor-row\">\n\t\t\t\t\t<div class=\"elementor-column elementor-col-50 elementor-top-column elementor-element elementor-element-7dff83f\" data-id=\"7dff83f\" data-element_type=\"column\">\n\t\t\t<div class=\"elementor-column-wrap elementor-element-populated\">\n\t\t\t\t\t\t\t<div class=\"elementor-widget-wrap\">\n\t\t\t\t\t\t<div class=\"elementor-element elementor-element-3f86fb0b elementor-widget elementor-widget-heading\" data-id=\"3f86fb0b\" data-element_type=\"widget\" data-widget_type=\"heading.default\">\n\t\t\t\t<div class=\"elementor-widget-container\">\n\t\t\t<h2 class=\"elementor-heading-title elementor-size-default\">Especialistas en mercadeo.<\/h2>\t\t<\/div>\n\t\t\t\t<\/div>\n\t\t\t\t<div class=\"elementor-element elementor-element-14829434 elementor-widget elementor-widget-text-editor\" data-id=\"14829434\" data-element_type=\"widget\" data-widget_type=\"text-editor.default\">\n\t\t\t\t<div class=\"elementor-widget-container\">\n\t\t\t\t\t<div class=\"elementor-text-editor elementor-clearfix\"><p>El mercadeo digital es un t\u00e9rmino amplio que incluye todos los canales y m\u00e9todos de marketing que puede utilizar para promocionar productos o servicios en Internet, pero tambi\u00e9n en dispositivos electr\u00f3nicos como televisores, tel\u00e9fonos m\u00f3viles y vallas publicitarias electr\u00f3nicas.<\/p><p>La principal diferencia entre el marketing digital y el marketing tradicional es que las campa\u00f1as de marketing digital se ejecutan exclusivamente a trav\u00e9s de canales digitales y esto les da a nuestros especialistas en marketing m\u00e1s control, herramientas y datos para analizar la efectividad de una campa\u00f1a.<\/p><p>Nuestros especialistas dar\u00e1n a conocer sus productos o servicios a todos.<\/p><\/div>\n\t\t\t\t<\/div>\n\t\t\t\t<\/div>\n\t\t\t\t\t\t<\/div>\n\t\t\t\t\t<\/div>\n\t\t<\/div>\n\t\t\t\t<div class=\"elementor-column elementor-col-50 elementor-top-column elementor-element elementor-element-7247060\" data-id=\"7247060\" data-element_type=\"column\">\n\t\t\t<div class=\"elementor-column-wrap elementor-element-populated\">\n\t\t\t\t\t\t\t<div class=\"elementor-widget-wrap\">\n\t\t\t\t\t\t<div class=\"elementor-element elementor-element-0f1d1c0 elementor-widget elementor-widget-image\" data-id=\"0f1d1c0\" data-element_type=\"widget\" data-widget_type=\"image.default\">\n\t\t\t\t<div class=\"elementor-widget-container\">\n\t\t\t\t\t<div class=\"elementor-image\">\n\t\t\t\t\t\t\t\t\t\t<img loading=\"lazy\" decoding=\"async\" width=\"725\" height=\"635\" src=\"https:\/\/trade360solutions.com\/wp-content\/uploads\/2020\/08\/digital-marketing.png\" class=\"attachment-large size-large\" alt=\"\" srcset=\"https:\/\/trade360solutions.com\/wp-content\/uploads\/2020\/08\/digital-marketing.png 725w, https:\/\/trade360solutions.com\/wp-content\/uploads\/2020\/08\/digital-marketing-300x263.png 300w\" sizes=\"auto, (max-width: 725px) 100vw, 725px\" \/>\t\t\t\t\t\t\t\t\t\t\t<\/div>\n\t\t\t\t<\/div>\n\t\t\t\t<\/div>\n\t\t\t\t\t\t<\/div>\n\t\t\t\t\t<\/div>\n\t\t<\/div>\n\t\t\t\t\t\t\t\t<\/div>\n\t\t\t\t\t<\/div>\n\t\t<\/section>\n\t\t\t\t\t\t<\/div>\n\t\t\t\t\t\t<\/div>\n\t\t\t\t\t<\/div>","protected":false},"excerpt":{"rendered":"<p>Marketing specialists. Digital marketing is a broad term that includes all marketing channels and methods that you can use to promote products or services on the Internet, but also on electronic devices such as televisions, mobile phones, and electronic billboards.&hellip;<\/p>","protected":false},"author":1,"featured_media":0,"parent":99,"menu_order":0,"comment_status":"closed","ping_status":"closed","template":"","meta":{"footnotes":""},"class_list":["post-93","page","type-page","status-publish","hentry"],"_links":{"self":[{"href":"https:\/\/trade360solutions.com\/es\/wp-json\/wp\/v2\/pages\/93","targetHints":{"allow":["GET"]}}],"collection":[{"href":"https:\/\/trade360solutions.com\/es\/wp-json\/wp\/v2\/pages"}],"about":[{"href":"https:\/\/trade360solutions.com\/es\/wp-json\/wp\/v2\/types\/page"}],"author":[{"embeddable":true,"href":"https:\/\/trade360solutions.com\/es\/wp-json\/wp\/v2\/users\/1"}],"replies":[{"embeddable":true,"href":"https:\/\/trade360solutions.com\/es\/wp-json\/wp\/v2\/comments?post=93"}],"version-history":[{"count":5,"href":"https:\/\/trade360solutions.com\/es\/wp-json\/wp\/v2\/pages\/93\/revisions"}],"predecessor-version":[{"id":401,"href":"https:\/\/trade360solutions.com\/es\/wp-json\/wp\/v2\/pages\/93\/revisions\/401"}],"up":[{"embeddable":true,"href":"https:\/\/trade360solutions.com\/es\/wp-json\/wp\/v2\/pages\/99"}],"wp:attachment":[{"href":"https:\/\/trade360solutions.com\/es\/wp-json\/wp\/v2\/media?parent=93"}],"curies":[{"name":"wp","href":"https:\/\/api.w.org\/{rel}","templated":true}]}}