{"id":90,"date":"2020-08-04T02:59:19","date_gmt":"2020-08-04T02:59:19","guid":{"rendered":"https:\/\/trade360solutions.com\/?page_id=90"},"modified":"2020-08-22T06:36:41","modified_gmt":"2020-08-22T12:36:41","slug":"services","status":"publish","type":"page","link":"https:\/\/trade360solutions.com\/es\/services\/","title":{"rendered":"Servicios"},"content":{"rendered":"<div data-elementor-type=\"wp-page\" data-elementor-id=\"90\" class=\"elementor elementor-90\" data-elementor-settings=\"[]\">\n\t\t\t\t\t\t<div class=\"elementor-inner\">\n\t\t\t\t\t\t\t<div class=\"elementor-section-wrap\">\n\t\t\t\t\t\t\t<section class=\"elementor-section elementor-top-section elementor-element elementor-element-401d7c9 elementor-section-boxed elementor-section-height-default elementor-section-height-default\" data-id=\"401d7c9\" data-element_type=\"section\">\n\t\t\t\t\t\t<div class=\"elementor-container elementor-column-gap-default\">\n\t\t\t\t\t\t\t<div class=\"elementor-row\">\n\t\t\t\t\t<div class=\"elementor-column elementor-col-33 elementor-top-column elementor-element elementor-element-92c2159\" data-id=\"92c2159\" data-element_type=\"column\">\n\t\t\t<div class=\"elementor-column-wrap elementor-element-populated\">\n\t\t\t\t\t\t\t<div class=\"elementor-widget-wrap\">\n\t\t\t\t\t\t<div class=\"elementor-element elementor-element-4c6cf1ba pr-infobox-content-align-left pr-infobox-icon-bg-shape-none pr-infobox-icon-hover-bg-shape-none elementor-widget elementor-widget-pr-infobox\" data-id=\"4c6cf1ba\" data-element_type=\"widget\" data-widget_type=\"pr-infobox.default\">\n\t\t\t\t<div class=\"elementor-widget-container\">\n\t\t\t\t\t<a href=\"https:\/\/trade360solutions.com\/es\/services\/marketing-consulting\/\"  >\t\t<div class=\"pr-infobox\">\n\t\t\t\t\t<div class=\"infobox-icon pr-icon-only\">\n\n\t\t\t\t\n\t\t\t\t\t\t\t\t<div class=\"infobox-icon-wrap\">\n\t\t\t\t\t<i class=\"icon icon-chat\"><\/i>\n\t\t\t\t<\/div>\n\t\t\t\t\n\t\t\t\t\n\t\t\t<\/div>\n\t\t\t\t\t<div class=\"infobox-content pr-icon-only\">\n\t\t\t\t<h3 class=\"title\">Consultor\u00eda de Mercadeo<\/h3>\n\t\t\t\t\t\t\t\t\t\t\t\t\t\t\t\t\t\t\t\t\t<p>Nuestro equipo de expertos est\u00e1 capacitado para crear e implementar estrategias de marketing para sus productos o servicios.<\/p>\n\t\t\t\t\t\t\t\t\t\t\t\t\t\t\t\t\n\t\t\t\t\t\t\t\t\t\t\t<div class=\"infobox-on-hover-icon\">\n\t\t\t\t<i class=\"icon icon-arrow-right\" aria-hidden=\"true\"><\/i>\n\t\t<\/div>\n\t\t\t\t\t\t\t\t\t<\/div>\n\t\t<\/div><\/a>\t\t<\/div>\n\t\t\t\t<\/div>\n\t\t\t\t\t\t<\/div>\n\t\t\t\t\t<\/div>\n\t\t<\/div>\n\t\t\t\t<div class=\"elementor-column elementor-col-33 elementor-top-column elementor-element elementor-element-c11f042\" data-id=\"c11f042\" data-element_type=\"column\">\n\t\t\t<div class=\"elementor-column-wrap elementor-element-populated\">\n\t\t\t\t\t\t\t<div class=\"elementor-widget-wrap\">\n\t\t\t\t\t\t<div class=\"elementor-element elementor-element-739b7dfb pr-infobox-content-align-left pr-infobox-icon-bg-shape-none pr-infobox-icon-hover-bg-shape-none elementor-widget elementor-widget-pr-infobox\" data-id=\"739b7dfb\" data-element_type=\"widget\" data-widget_type=\"pr-infobox.default\">\n\t\t\t\t<div class=\"elementor-widget-container\">\n\t\t\t\t\t<a href=\"https:\/\/trade360solutions.com\/es\/services\/personalized-training\/\"  >\t\t<div class=\"pr-infobox\">\n\t\t\t\t\t<div class=\"infobox-icon pr-icon-only\">\n\n\t\t\t\t\n\t\t\t\t\t\t\t\t<div class=\"infobox-icon-wrap\">\n\t\t\t\t\t<i class=\"icon icon-presentation\"><\/i>\n\t\t\t\t<\/div>\n\t\t\t\t\n\t\t\t\t\n\t\t\t<\/div>\n\t\t\t\t\t<div class=\"infobox-content pr-icon-only\">\n\t\t\t\t<h3 class=\"title\">Asesor\u00eda Personalizada<\/h3>\n\t\t\t\t\t\t\t\t\t\t\t\t\t\t\t\t\t\t\t\t\t<p>Creamos oportunidades para que su gente obtenga las habilidades que necesitan para desempe\u00f1arse y desarrollarse en sus roles.<\/p>\n\t\t\t\t\t\t\t\t\t\t\t\t\t\t\t\t\n\t\t\t\t\t\t\t\t\t\t\t<div class=\"infobox-on-hover-icon\">\n\t\t\t\t<i class=\"icon icon-arrow-right\" aria-hidden=\"true\"><\/i>\n\t\t<\/div>\n\t\t\t\t\t\t\t\t\t<\/div>\n\t\t<\/div><\/a>\t\t<\/div>\n\t\t\t\t<\/div>\n\t\t\t\t\t\t<\/div>\n\t\t\t\t\t<\/div>\n\t\t<\/div>\n\t\t\t\t<div class=\"elementor-column elementor-col-33 elementor-top-column elementor-element elementor-element-d08f010\" data-id=\"d08f010\" data-element_type=\"column\">\n\t\t\t<div class=\"elementor-column-wrap elementor-element-populated\">\n\t\t\t\t\t\t\t<div class=\"elementor-widget-wrap\">\n\t\t\t\t\t\t<div class=\"elementor-element elementor-element-b02b158 pr-infobox-content-align-left pr-infobox-icon-bg-shape-none pr-infobox-icon-hover-bg-shape-none elementor-widget elementor-widget-pr-infobox\" data-id=\"b02b158\" data-element_type=\"widget\" data-widget_type=\"pr-infobox.default\">\n\t\t\t\t<div class=\"elementor-widget-container\">\n\t\t\t\t\t<a href=\"https:\/\/trade360solutions.com\/es\/services\/infrastructure-development\/\"  >\t\t<div class=\"pr-infobox\">\n\t\t\t\t\t<div class=\"infobox-icon pr-icon-only\">\n\n\t\t\t\t\n\t\t\t\t\t\t\t\t<div class=\"infobox-icon-wrap\">\n\t\t\t\t\t<i class=\"icon icon-tools\"><\/i>\n\t\t\t\t<\/div>\n\t\t\t\t\n\t\t\t\t\n\t\t\t<\/div>\n\t\t\t\t\t<div class=\"infobox-content pr-icon-only\">\n\t\t\t\t<h3 class=\"title\">Desarrollo de Infraestructura<\/h3>\n\t\t\t\t\t\t\t\t\t\t\t\t\t\t\t\t\t\t\t\t\t<p>Te ofrecemos el dise\u00f1o de tu centro inform\u00e1tico. Operaci\u00f3n y mantenimiento de su red.<\/p>\n\t\t\t\t\t\t\t\t\t\t\t\t\t\t\t\t\n\t\t\t\t\t\t\t\t\t\t\t<div class=\"infobox-on-hover-icon\">\n\t\t\t\t<i class=\"icon icon-arrow-right\" aria-hidden=\"true\"><\/i>\n\t\t<\/div>\n\t\t\t\t\t\t\t\t\t<\/div>\n\t\t<\/div><\/a>\t\t<\/div>\n\t\t\t\t<\/div>\n\t\t\t\t\t\t<\/div>\n\t\t\t\t\t<\/div>\n\t\t<\/div>\n\t\t\t\t\t\t\t\t<\/div>\n\t\t\t\t\t<\/div>\n\t\t<\/section>\n\t\t\t\t\t\t<\/div>\n\t\t\t\t\t\t<\/div>\n\t\t\t\t\t<\/div>","protected":false},"excerpt":{"rendered":"<p>Marketing Consulting Our expert team is trained to create and implement marketing strategies for your products or services. Personalized Training We create opportunities for your people to gain the skills they need to perform and develop in their roles. Infrastructure&hellip;<\/p>","protected":false},"author":1,"featured_media":0,"parent":0,"menu_order":0,"comment_status":"closed","ping_status":"closed","template":"","meta":{"footnotes":""},"class_list":["post-90","page","type-page","status-publish","hentry"],"_links":{"self":[{"href":"https:\/\/trade360solutions.com\/es\/wp-json\/wp\/v2\/pages\/90","targetHints":{"allow":["GET"]}}],"collection":[{"href":"https:\/\/trade360solutions.com\/es\/wp-json\/wp\/v2\/pages"}],"about":[{"href":"https:\/\/trade360solutions.com\/es\/wp-json\/wp\/v2\/types\/page"}],"author":[{"embeddable":true,"href":"https:\/\/trade360solutions.com\/es\/wp-json\/wp\/v2\/users\/1"}],"replies":[{"embeddable":true,"href":"https:\/\/trade360solutions.com\/es\/wp-json\/wp\/v2\/comments?post=90"}],"version-history":[{"count":5,"href":"https:\/\/trade360solutions.com\/es\/wp-json\/wp\/v2\/pages\/90\/revisions"}],"predecessor-version":[{"id":310,"href":"https:\/\/trade360solutions.com\/es\/wp-json\/wp\/v2\/pages\/90\/revisions\/310"}],"wp:attachment":[{"href":"https:\/\/trade360solutions.com\/es\/wp-json\/wp\/v2\/media?parent=90"}],"curies":[{"name":"wp","href":"https:\/\/api.w.org\/{rel}","templated":true}]}}