{"id":88,"date":"2020-08-04T02:54:58","date_gmt":"2020-08-04T02:54:58","guid":{"rendered":"https:\/\/trade360solutions.com\/?page_id=88"},"modified":"2020-08-28T07:46:44","modified_gmt":"2020-08-28T13:46:44","slug":"about-us","status":"publish","type":"page","link":"https:\/\/trade360solutions.com\/es\/about-us\/","title":{"rendered":"Nosotros"},"content":{"rendered":"<div data-elementor-type=\"wp-page\" data-elementor-id=\"88\" class=\"elementor elementor-88\" data-elementor-settings=\"[]\">\n\t\t\t\t\t\t<div class=\"elementor-inner\">\n\t\t\t\t\t\t\t<div class=\"elementor-section-wrap\">\n\t\t\t\t\t\t\t<section class=\"elementor-section elementor-top-section elementor-element elementor-element-4e709cdf elementor-section-boxed elementor-section-height-default elementor-section-height-default\" data-id=\"4e709cdf\" data-element_type=\"section\" data-settings=\"{&quot;background_background&quot;:&quot;classic&quot;}\">\n\t\t\t\t\t\t<div class=\"elementor-container elementor-column-gap-default\">\n\t\t\t\t\t\t\t<div class=\"elementor-row\">\n\t\t\t\t\t<div class=\"elementor-column elementor-col-100 elementor-top-column elementor-element elementor-element-78706ed3\" data-id=\"78706ed3\" data-element_type=\"column\">\n\t\t\t<div class=\"elementor-column-wrap elementor-element-populated\">\n\t\t\t\t\t\t\t<div class=\"elementor-widget-wrap\">\n\t\t\t\t\t\t<section class=\"elementor-section elementor-inner-section elementor-element elementor-element-469883d0 elementor-section-boxed elementor-section-height-default elementor-section-height-default\" data-id=\"469883d0\" data-element_type=\"section\">\n\t\t\t\t\t\t<div class=\"elementor-container elementor-column-gap-default\">\n\t\t\t\t\t\t\t<div class=\"elementor-row\">\n\t\t\t\t\t<div class=\"elementor-column elementor-col-50 elementor-inner-column elementor-element elementor-element-6e973fc9\" data-id=\"6e973fc9\" data-element_type=\"column\">\n\t\t\t<div class=\"elementor-column-wrap elementor-element-populated\">\n\t\t\t\t\t\t\t<div class=\"elementor-widget-wrap\">\n\t\t\t\t\t\t<div class=\"elementor-element elementor-element-208899f8 elementor-widget elementor-widget-heading\" data-id=\"208899f8\" data-element_type=\"widget\" data-widget_type=\"heading.default\">\n\t\t\t\t<div class=\"elementor-widget-container\">\n\t\t\t<h4 class=\"elementor-heading-title elementor-size-default\">SOMOS M\u00c1S QUE UNA AGENCIA DE MERCADEO.<\/h4>\t\t<\/div>\n\t\t\t\t<\/div>\n\t\t\t\t<div class=\"elementor-element elementor-element-3e68e90b elementor-widget elementor-widget-heading\" data-id=\"3e68e90b\" data-element_type=\"widget\" data-widget_type=\"heading.default\">\n\t\t\t\t<div class=\"elementor-widget-container\">\n\t\t\t<h2 class=\"elementor-heading-title elementor-size-default\">Nuestra Compa\u00f1\u00eda.<\/h2>\t\t<\/div>\n\t\t\t\t<\/div>\n\t\t\t\t<div class=\"elementor-element elementor-element-165fcb20 elementor-widget elementor-widget-text-editor\" data-id=\"165fcb20\" data-element_type=\"widget\" data-widget_type=\"text-editor.default\">\n\t\t\t\t<div class=\"elementor-widget-container\">\n\t\t\t\t\t<div class=\"elementor-text-editor elementor-clearfix\"><p>Lorem ipsum dolor sit amet, consectetur adipiscing elit. Ut elit tellus, luctus nec ullamcorper mattis, pulvinar dapibus leo.<\/p><p>Nullam sollicitudin nisl at nunc tempor pulvinar. Quisque gravida, tellus eget fermentum tristique, neque ligula placerat diamAenean placerat.<\/p><p>Lorem ipsum dolor sit amet, consectetur adipiscing elit. Ut elit tellus, luctus nec ullamcorper mattis, pulvinar dapibus leo.<\/p><\/div>\n\t\t\t\t<\/div>\n\t\t\t\t<\/div>\n\t\t\t\t\t\t<\/div>\n\t\t\t\t\t<\/div>\n\t\t<\/div>\n\t\t\t\t<div class=\"elementor-column elementor-col-50 elementor-inner-column elementor-element elementor-element-7658328\" data-id=\"7658328\" data-element_type=\"column\">\n\t\t\t<div class=\"elementor-column-wrap elementor-element-populated\">\n\t\t\t\t\t\t\t<div class=\"elementor-widget-wrap\">\n\t\t\t\t\t\t<div class=\"elementor-element elementor-element-3f5eccc elementor-widget elementor-widget-image\" data-id=\"3f5eccc\" data-element_type=\"widget\" data-widget_type=\"image.default\">\n\t\t\t\t<div class=\"elementor-widget-container\">\n\t\t\t\t\t<div class=\"elementor-image\">\n\t\t\t\t\t\t\t\t\t\t<img loading=\"lazy\" decoding=\"async\" width=\"650\" height=\"433\" src=\"https:\/\/trade360solutions.com\/wp-content\/uploads\/2020\/08\/asset-about-us.jpg\" class=\"attachment-large size-large\" alt=\"\" srcset=\"https:\/\/trade360solutions.com\/wp-content\/uploads\/2020\/08\/asset-about-us.jpg 650w, https:\/\/trade360solutions.com\/wp-content\/uploads\/2020\/08\/asset-about-us-300x200.jpg 300w\" sizes=\"auto, (max-width: 650px) 100vw, 650px\" \/>\t\t\t\t\t\t\t\t\t\t\t<\/div>\n\t\t\t\t<\/div>\n\t\t\t\t<\/div>\n\t\t\t\t\t\t<\/div>\n\t\t\t\t\t<\/div>\n\t\t<\/div>\n\t\t\t\t\t\t\t\t<\/div>\n\t\t\t\t\t<\/div>\n\t\t<\/section>\n\t\t\t\t<section class=\"elementor-section elementor-inner-section elementor-element elementor-element-71acf8bb section__flex elementor-section-boxed elementor-section-height-default elementor-section-height-default\" data-id=\"71acf8bb\" data-element_type=\"section\">\n\t\t\t\t\t\t<div class=\"elementor-container elementor-column-gap-default\">\n\t\t\t\t\t\t\t<div class=\"elementor-row\">\n\t\t\t\t\t<div class=\"elementor-column elementor-col-33 elementor-inner-column elementor-element elementor-element-5fa3f286\" data-id=\"5fa3f286\" data-element_type=\"column\">\n\t\t\t<div class=\"elementor-column-wrap elementor-element-populated\">\n\t\t\t\t\t\t\t<div class=\"elementor-widget-wrap\">\n\t\t\t\t\t\t<div class=\"elementor-element elementor-element-371e55b2 pr-infobox-content-align-left pr-infobox-icon-bg-shape-none pr-infobox-icon-hover-bg-shape-none elementor-widget elementor-widget-pr-infobox\" data-id=\"371e55b2\" data-element_type=\"widget\" data-widget_type=\"pr-infobox.default\">\n\t\t\t\t<div class=\"elementor-widget-container\">\n\t\t\t\t\t\t\t<div class=\"pr-infobox\">\n\t\t\t\t\t<div class=\"infobox-icon pr-icon-only\">\n\n\t\t\t\t\n\t\t\t\t\t\t\t\t<div class=\"infobox-icon-wrap\">\n\t\t\t\t\t<i class=\"icon icon-trophy2\"><\/i>\n\t\t\t\t<\/div>\n\t\t\t\t\n\t\t\t\t\n\t\t\t<\/div>\n\t\t\t\t\t<div class=\"infobox-content pr-icon-only\">\n\t\t\t\t<h3 class=\"title\">Experiencia<\/h3>\n\t\t\t\t\t\t\t\t\t\t\t\t\t\t\t\t\t\t\t\t\t<p>Nuestra mejor presentaci\u00f3n son los m\u00e1s de 30 a\u00f1os de experiencia en nuestras \u00e1reas de especializaci\u00f3n.<\/p>\n\t\t\t\t\t\t\t\t\t\t\t\t\t\t\t\t\n\t\t\t\t\t\t\t<\/div>\n\t\t<\/div>\t\t<\/div>\n\t\t\t\t<\/div>\n\t\t\t\t\t\t<\/div>\n\t\t\t\t\t<\/div>\n\t\t<\/div>\n\t\t\t\t<div class=\"elementor-column elementor-col-33 elementor-inner-column elementor-element elementor-element-50db03b5\" data-id=\"50db03b5\" data-element_type=\"column\">\n\t\t\t<div class=\"elementor-column-wrap elementor-element-populated\">\n\t\t\t\t\t\t\t<div class=\"elementor-widget-wrap\">\n\t\t\t\t\t\t<div class=\"elementor-element elementor-element-7b96f84d pr-infobox-content-align-left pr-infobox-icon-bg-shape-none pr-infobox-icon-hover-bg-shape-none elementor-widget elementor-widget-pr-infobox\" data-id=\"7b96f84d\" data-element_type=\"widget\" data-widget_type=\"pr-infobox.default\">\n\t\t\t\t<div class=\"elementor-widget-container\">\n\t\t\t\t\t\t\t<div class=\"pr-infobox\">\n\t\t\t\t\t<div class=\"infobox-icon pr-icon-only\">\n\n\t\t\t\t\n\t\t\t\t\t\t\t\t<div class=\"infobox-icon-wrap\">\n\t\t\t\t\t<i class=\"icon icon-team2\"><\/i>\n\t\t\t\t<\/div>\n\t\t\t\t\n\t\t\t\t\n\t\t\t<\/div>\n\t\t\t\t\t<div class=\"infobox-content pr-icon-only\">\n\t\t\t\t<h3 class=\"title\">Lealtad<\/h3>\n\t\t\t\t\t\t\t\t\t\t\t\t\t\t\t\t\t\t\t\t\t<p>La lealtad es un valor inquebrantable para nosotros. Creemos que es un valor importante de cualquier negocio.<\/p>\n\t\t\t\t\t\t\t\t\t\t\t\t\t\t\t\t\n\t\t\t\t\t\t\t<\/div>\n\t\t<\/div>\t\t<\/div>\n\t\t\t\t<\/div>\n\t\t\t\t\t\t<\/div>\n\t\t\t\t\t<\/div>\n\t\t<\/div>\n\t\t\t\t<div class=\"elementor-column elementor-col-33 elementor-inner-column elementor-element elementor-element-2be35ae4\" data-id=\"2be35ae4\" data-element_type=\"column\">\n\t\t\t<div class=\"elementor-column-wrap elementor-element-populated\">\n\t\t\t\t\t\t\t<div class=\"elementor-widget-wrap\">\n\t\t\t\t\t\t<div class=\"elementor-element elementor-element-3207f3c pr-infobox-content-align-left pr-infobox-icon-bg-shape-none pr-infobox-icon-hover-bg-shape-none elementor-widget elementor-widget-pr-infobox\" data-id=\"3207f3c\" data-element_type=\"widget\" data-widget_type=\"pr-infobox.default\">\n\t\t\t\t<div class=\"elementor-widget-container\">\n\t\t\t\t\t\t\t<div class=\"pr-infobox\">\n\t\t\t\t\t<div class=\"infobox-icon pr-icon-only\">\n\n\t\t\t\t\n\t\t\t\t\t\t\t\t<div class=\"infobox-icon-wrap\">\n\t\t\t\t\t<i class=\"icon icon-link\"><\/i>\n\t\t\t\t<\/div>\n\t\t\t\t\n\t\t\t\t\n\t\t\t<\/div>\n\t\t\t\t\t<div class=\"infobox-content pr-icon-only\">\n\t\t\t\t<h3 class=\"title\"> Confianza<\/h3>\n\t\t\t\t\t\t\t\t\t\t\t\t\t\t\t\t\t\t\t\t\t<p>La confianza es vital en nuestra organizaci\u00f3n; queremos que puedas vivir la experiencia que te ofrecemos.<\/p>\n\t\t\t\t\t\t\t\t\t\t\t\t\t\t\t\t\n\t\t\t\t\t\t\t<\/div>\n\t\t<\/div>\t\t<\/div>\n\t\t\t\t<\/div>\n\t\t\t\t\t\t<\/div>\n\t\t\t\t\t<\/div>\n\t\t<\/div>\n\t\t\t\t\t\t\t\t<\/div>\n\t\t\t\t\t<\/div>\n\t\t<\/section>\n\t\t\t\t\t\t<\/div>\n\t\t\t\t\t<\/div>\n\t\t<\/div>\n\t\t\t\t\t\t\t\t<\/div>\n\t\t\t\t\t<\/div>\n\t\t<\/section>\n\t\t\t\t\t\t<\/div>\n\t\t\t\t\t\t<\/div>\n\t\t\t\t\t<\/div>","protected":false},"excerpt":{"rendered":"<p>WE&#8217;RE MORE THAN A MARKETING AGENCY Our Company. Lorem ipsum dolor sit amet, consectetur adipiscing elit. Ut elit tellus, luctus nec ullamcorper mattis, pulvinar dapibus leo. Nullam sollicitudin nisl at nunc tempor pulvinar. Quisque gravida, tellus eget fermentum tristique, neque&hellip;<\/p>","protected":false},"author":1,"featured_media":0,"parent":0,"menu_order":0,"comment_status":"closed","ping_status":"closed","template":"elementor_header_footer","meta":{"footnotes":""},"class_list":["post-88","page","type-page","status-publish","hentry"],"_links":{"self":[{"href":"https:\/\/trade360solutions.com\/es\/wp-json\/wp\/v2\/pages\/88","targetHints":{"allow":["GET"]}}],"collection":[{"href":"https:\/\/trade360solutions.com\/es\/wp-json\/wp\/v2\/pages"}],"about":[{"href":"https:\/\/trade360solutions.com\/es\/wp-json\/wp\/v2\/types\/page"}],"author":[{"embeddable":true,"href":"https:\/\/trade360solutions.com\/es\/wp-json\/wp\/v2\/users\/1"}],"replies":[{"embeddable":true,"href":"https:\/\/trade360solutions.com\/es\/wp-json\/wp\/v2\/comments?post=88"}],"version-history":[{"count":5,"href":"https:\/\/trade360solutions.com\/es\/wp-json\/wp\/v2\/pages\/88\/revisions"}],"predecessor-version":[{"id":465,"href":"https:\/\/trade360solutions.com\/es\/wp-json\/wp\/v2\/pages\/88\/revisions\/465"}],"wp:attachment":[{"href":"https:\/\/trade360solutions.com\/es\/wp-json\/wp\/v2\/media?parent=88"}],"curies":[{"name":"wp","href":"https:\/\/api.w.org\/{rel}","templated":true}]}}