{"id":470,"date":"2020-09-01T07:04:07","date_gmt":"2020-09-01T13:04:07","guid":{"rendered":"https:\/\/trade360solutions.com\/?page_id=470"},"modified":"2020-09-01T07:15:45","modified_gmt":"2020-09-01T13:15:45","slug":"e-commerce","status":"publish","type":"page","link":"https:\/\/trade360solutions.com\/es\/services\/e-commerce\/","title":{"rendered":"Comercio Electr\u00f3nico"},"content":{"rendered":"<div data-elementor-type=\"wp-page\" data-elementor-id=\"470\" class=\"elementor elementor-470\" data-elementor-settings=\"[]\">\n\t\t\t\t\t\t<div class=\"elementor-inner\">\n\t\t\t\t\t\t\t<div class=\"elementor-section-wrap\">\n\t\t\t\t\t\t\t<section class=\"elementor-section elementor-top-section elementor-element elementor-element-5ed4e23 elementor-section-boxed elementor-section-height-default elementor-section-height-default\" data-id=\"5ed4e23\" data-element_type=\"section\">\n\t\t\t\t\t\t<div class=\"elementor-container elementor-column-gap-default\">\n\t\t\t\t\t\t\t<div class=\"elementor-row\">\n\t\t\t\t\t<div class=\"elementor-column elementor-col-50 elementor-top-column elementor-element elementor-element-4498f473\" data-id=\"4498f473\" data-element_type=\"column\">\n\t\t\t<div class=\"elementor-column-wrap elementor-element-populated\">\n\t\t\t\t\t\t\t<div class=\"elementor-widget-wrap\">\n\t\t\t\t\t\t<div class=\"elementor-element elementor-element-39bfe973 elementor-widget elementor-widget-heading\" data-id=\"39bfe973\" data-element_type=\"widget\" data-widget_type=\"heading.default\">\n\t\t\t\t<div class=\"elementor-widget-container\">\n\t\t\t<h2 class=\"elementor-heading-title elementor-size-default\">Esencial para su negocio.<\/h2>\t\t<\/div>\n\t\t\t\t<\/div>\n\t\t\t\t<div class=\"elementor-element elementor-element-32d110fc elementor-widget elementor-widget-text-editor\" data-id=\"32d110fc\" data-element_type=\"widget\" data-widget_type=\"text-editor.default\">\n\t\t\t\t<div class=\"elementor-widget-container\">\n\t\t\t\t\t<div class=\"elementor-text-editor elementor-clearfix\"><p>El comercio electr\u00f3nico para nuestros negocios no tiene por qu\u00e9 suponer un gran esfuerzo econ\u00f3mico y muchos recursos adicionales que implica un proyecto de esta magnitud.<\/p><p>Ofrecemos una soluci\u00f3n segura y estable con una herramienta que te ayuda a cobrar por tus productos o servicios sin mucha complicaci\u00f3n y a un bajo costo, en comparaci\u00f3n con otras alternativas del mercado.<\/p><p>Atr\u00e9vete a dar el paso con nosotros hacia las nuevas generaciones.<\/p><\/div>\n\t\t\t\t<\/div>\n\t\t\t\t<\/div>\n\t\t\t\t\t\t<\/div>\n\t\t\t\t\t<\/div>\n\t\t<\/div>\n\t\t\t\t<div class=\"elementor-column elementor-col-50 elementor-top-column elementor-element elementor-element-139e7b83\" data-id=\"139e7b83\" data-element_type=\"column\">\n\t\t\t<div class=\"elementor-column-wrap elementor-element-populated\">\n\t\t\t\t\t\t\t<div class=\"elementor-widget-wrap\">\n\t\t\t\t\t\t<div class=\"elementor-element elementor-element-3a7b2e63 elementor-widget elementor-widget-image\" data-id=\"3a7b2e63\" data-element_type=\"widget\" data-widget_type=\"image.default\">\n\t\t\t\t<div class=\"elementor-widget-container\">\n\t\t\t\t\t<div class=\"elementor-image\">\n\t\t\t\t\t\t\t\t\t\t<img loading=\"lazy\" decoding=\"async\" width=\"571\" height=\"625\" src=\"https:\/\/trade360solutions.com\/wp-content\/uploads\/2020\/09\/ecommerce.png\" class=\"attachment-large size-large\" alt=\"\" srcset=\"https:\/\/trade360solutions.com\/wp-content\/uploads\/2020\/09\/ecommerce.png 571w, https:\/\/trade360solutions.com\/wp-content\/uploads\/2020\/09\/ecommerce-274x300.png 274w\" sizes=\"auto, (max-width: 571px) 100vw, 571px\" \/>\t\t\t\t\t\t\t\t\t\t\t<\/div>\n\t\t\t\t<\/div>\n\t\t\t\t<\/div>\n\t\t\t\t\t\t<\/div>\n\t\t\t\t\t<\/div>\n\t\t<\/div>\n\t\t\t\t\t\t\t\t<\/div>\n\t\t\t\t\t<\/div>\n\t\t<\/section>\n\t\t\t\t\t\t<\/div>\n\t\t\t\t\t\t<\/div>\n\t\t\t\t\t<\/div>","protected":false},"excerpt":{"rendered":"<p>Essential for your business. Electronic commerce for our businesses does not have to mean a great economic effort and many additional resources that a project of this magnitude involves. We offer a secure and stable solution with a tool that&hellip;<\/p>","protected":false},"author":1,"featured_media":0,"parent":90,"menu_order":0,"comment_status":"closed","ping_status":"closed","template":"","meta":{"footnotes":""},"class_list":["post-470","page","type-page","status-publish","hentry"],"_links":{"self":[{"href":"https:\/\/trade360solutions.com\/es\/wp-json\/wp\/v2\/pages\/470","targetHints":{"allow":["GET"]}}],"collection":[{"href":"https:\/\/trade360solutions.com\/es\/wp-json\/wp\/v2\/pages"}],"about":[{"href":"https:\/\/trade360solutions.com\/es\/wp-json\/wp\/v2\/types\/page"}],"author":[{"embeddable":true,"href":"https:\/\/trade360solutions.com\/es\/wp-json\/wp\/v2\/users\/1"}],"replies":[{"embeddable":true,"href":"https:\/\/trade360solutions.com\/es\/wp-json\/wp\/v2\/comments?post=470"}],"version-history":[{"count":2,"href":"https:\/\/trade360solutions.com\/es\/wp-json\/wp\/v2\/pages\/470\/revisions"}],"predecessor-version":[{"id":475,"href":"https:\/\/trade360solutions.com\/es\/wp-json\/wp\/v2\/pages\/470\/revisions\/475"}],"up":[{"embeddable":true,"href":"https:\/\/trade360solutions.com\/es\/wp-json\/wp\/v2\/pages\/90"}],"wp:attachment":[{"href":"https:\/\/trade360solutions.com\/es\/wp-json\/wp\/v2\/media?parent=470"}],"curies":[{"name":"wp","href":"https:\/\/api.w.org\/{rel}","templated":true}]}}