{"id":3,"date":"2020-07-26T22:58:05","date_gmt":"2020-07-26T22:58:05","guid":{"rendered":"https:\/\/host2051\/cgi\/addon_GT.cgi?s=GT::WP::Install::EIG+%28centrbe6%29+-+10.0.87.30+%5BWordPress%3b+\/var\/hp\/common\/lib\/WordPress.pm%3b+295%3b+Hosting::gap_call%5D\/?page_id=3"},"modified":"2020-08-26T07:46:24","modified_gmt":"2020-08-26T13:46:24","slug":"privacy-policy","status":"publish","type":"page","link":"https:\/\/trade360solutions.com\/es\/privacy-policy\/","title":{"rendered":"Pol\u00edtica de Privacidad"},"content":{"rendered":"<div data-elementor-type=\"wp-page\" data-elementor-id=\"3\" class=\"elementor elementor-3\" data-elementor-settings=\"[]\">\n\t\t\t\t\t\t<div class=\"elementor-inner\">\n\t\t\t\t\t\t\t<div class=\"elementor-section-wrap\">\n\t\t\t\t\t\t\t<section class=\"elementor-section elementor-top-section elementor-element elementor-element-29e7a0b elementor-section-boxed elementor-section-height-default elementor-section-height-default\" data-id=\"29e7a0b\" data-element_type=\"section\">\n\t\t\t\t\t\t<div class=\"elementor-container elementor-column-gap-default\">\n\t\t\t\t\t\t\t<div class=\"elementor-row\">\n\t\t\t\t\t<div class=\"elementor-column elementor-col-100 elementor-top-column elementor-element elementor-element-eed6057\" data-id=\"eed6057\" data-element_type=\"column\">\n\t\t\t<div class=\"elementor-column-wrap elementor-element-populated\">\n\t\t\t\t\t\t\t<div class=\"elementor-widget-wrap\">\n\t\t\t\t\t\t<div class=\"elementor-element elementor-element-280fe7d elementor-widget elementor-widget-text-editor\" data-id=\"280fe7d\" data-element_type=\"widget\" data-widget_type=\"text-editor.default\">\n\t\t\t\t<div class=\"elementor-widget-container\">\n\t\t\t\t\t<div class=\"elementor-text-editor elementor-clearfix\">A trav\u00e9s de su sitio web, Trade 360 \u200b\u200bSolutions podr\u00e1 solicitar informaci\u00f3n personal (para los casos en que sea requerida, se se\u00f1alar\u00e1). Como tal, el uso del sitio web implica que ha le\u00eddo y aceptado nuestra Pol\u00edtica de privacidad y seguridad que se presenta aqu\u00ed.\n\nAl acceder al sitio web ubicado en la direcci\u00f3n\u00a0<a href=\"https:\/\/trade360solutions.com\/es\/\">www.trade360solutions.com<\/a> y todos los enlaces a los sistemas web ubicados en el mismo (en adelante denominado \u201cSitio Web\u201d), propiedad de Trade 360 \u200b\u200bSolutions, el usuario asume el compromiso de seguir y cumplir con los t\u00e9rminos y condiciones que se indicar\u00e1n a continuaci\u00f3n. En caso de que el usuario no est\u00e9 de acuerdo con los t\u00e9rminos y condiciones de uso, le solicitamos que se abstenga de utilizar el Sitio Web.\n<h2>RECOPILACI\u00d3N Y USO DE INFORMACI\u00d3N<\/h2>\nLa Pol\u00edtica de privacidad y seguridad de Trade 360 \u200b\u200bSolutions se aplica a la recopilaci\u00f3n y uso de la informaci\u00f3n que usted proporciona para usar a trav\u00e9s de nuestro sitio web. Trade 360 \u200b\u200bSolutions solo utilizar\u00e1 dicha informaci\u00f3n para lograr sus objetivos.\n\nTrade 360 \u200b\u200bSolutions utiliza sistemas automatizados para detectar y prevenir ataques digitales, minimizando as\u00ed la posibilidad de sufrir da\u00f1os o alteraciones en la informaci\u00f3n disponible en el Sitio Web. Estos sistemas nos permiten generar informes y registros de acceso no autorizado desde y hacia nuestro sitio.\n\nLa informaci\u00f3n se utilizar\u00e1 con el fin para el que fue solicitada. Trade 360 \u200b\u200bSolutions respeta su derecho a la privacidad y no proporcionar\u00e1 a terceros la informaci\u00f3n personal de sus usuarios sin el consentimiento de los usuarios, siempre que no lo exijan las leyes vigentes.<\/div>\n\t\t\t\t<\/div>\n\t\t\t\t<\/div>\n\t\t\t\t\t\t<\/div>\n\t\t\t\t\t<\/div>\n\t\t<\/div>\n\t\t\t\t\t\t\t\t<\/div>\n\t\t\t\t\t<\/div>\n\t\t<\/section>\n\t\t\t\t\t\t<\/div>\n\t\t\t\t\t\t<\/div>\n\t\t\t\t\t<\/div>","protected":false},"excerpt":{"rendered":"<p>Through its website, Trade 360 Solutions may solicit personal information (for cases in which it is required, it will be noted). As such, the use of the Website implies that you have read and accepted our Privacy and Security Policy&hellip;<\/p>","protected":false},"author":1,"featured_media":0,"parent":0,"menu_order":0,"comment_status":"closed","ping_status":"open","template":"","meta":{"footnotes":""},"class_list":["post-3","page","type-page","status-publish","hentry"],"_links":{"self":[{"href":"https:\/\/trade360solutions.com\/es\/wp-json\/wp\/v2\/pages\/3","targetHints":{"allow":["GET"]}}],"collection":[{"href":"https:\/\/trade360solutions.com\/es\/wp-json\/wp\/v2\/pages"}],"about":[{"href":"https:\/\/trade360solutions.com\/es\/wp-json\/wp\/v2\/types\/page"}],"author":[{"embeddable":true,"href":"https:\/\/trade360solutions.com\/es\/wp-json\/wp\/v2\/users\/1"}],"replies":[{"embeddable":true,"href":"https:\/\/trade360solutions.com\/es\/wp-json\/wp\/v2\/comments?post=3"}],"version-history":[{"count":4,"href":"https:\/\/trade360solutions.com\/es\/wp-json\/wp\/v2\/pages\/3\/revisions"}],"predecessor-version":[{"id":438,"href":"https:\/\/trade360solutions.com\/es\/wp-json\/wp\/v2\/pages\/3\/revisions\/438"}],"wp:attachment":[{"href":"https:\/\/trade360solutions.com\/es\/wp-json\/wp\/v2\/media?parent=3"}],"curies":[{"name":"wp","href":"https:\/\/api.w.org\/{rel}","templated":true}]}}