{"id":105,"date":"2020-08-04T03:08:29","date_gmt":"2020-08-04T03:08:29","guid":{"rendered":"https:\/\/trade360solutions.com\/?page_id=105"},"modified":"2020-08-24T12:31:48","modified_gmt":"2020-08-24T18:31:48","slug":"infrastructure-development","status":"publish","type":"page","link":"https:\/\/trade360solutions.com\/es\/services\/infrastructure-development\/","title":{"rendered":"Desarrollo de Infraestructura"},"content":{"rendered":"<div data-elementor-type=\"wp-page\" data-elementor-id=\"105\" class=\"elementor elementor-105\" data-elementor-settings=\"[]\">\n\t\t\t\t\t\t<div class=\"elementor-inner\">\n\t\t\t\t\t\t\t<div class=\"elementor-section-wrap\">\n\t\t\t\t\t\t\t<section class=\"elementor-section elementor-top-section elementor-element elementor-element-6b09ed7c elementor-section-boxed elementor-section-height-default elementor-section-height-default\" data-id=\"6b09ed7c\" data-element_type=\"section\">\n\t\t\t\t\t\t<div class=\"elementor-container elementor-column-gap-default\">\n\t\t\t\t\t\t\t<div class=\"elementor-row\">\n\t\t\t\t\t<div class=\"elementor-column elementor-col-50 elementor-top-column elementor-element elementor-element-b3c4f10\" data-id=\"b3c4f10\" data-element_type=\"column\">\n\t\t\t<div class=\"elementor-column-wrap elementor-element-populated\">\n\t\t\t\t\t\t\t<div class=\"elementor-widget-wrap\">\n\t\t\t\t\t\t<div class=\"elementor-element elementor-element-4812384d elementor-widget elementor-widget-heading\" data-id=\"4812384d\" data-element_type=\"widget\" data-widget_type=\"heading.default\">\n\t\t\t\t<div class=\"elementor-widget-container\">\n\t\t\t<h2 class=\"elementor-heading-title elementor-size-default\">Infraestructura tecnol\u00f3gica.<\/h2>\t\t<\/div>\n\t\t\t\t<\/div>\n\t\t\t\t<div class=\"elementor-element elementor-element-58a0503b elementor-widget elementor-widget-text-editor\" data-id=\"58a0503b\" data-element_type=\"widget\" data-widget_type=\"text-editor.default\">\n\t\t\t\t<div class=\"elementor-widget-container\">\n\t\t\t\t\t<div class=\"elementor-text-editor elementor-clearfix\"><p>Nos encargamos del desarrollo de la plataforma tecnol\u00f3gica o infraestructura de su organizaci\u00f3n, abarcando el conjunto de sistemas, computadoras, equipos de electr\u00f3nica de red, equipos de almacenamiento y dem\u00e1s elementos f\u00edsicos, junto con la forma que se ha elegido para administrarlos, que se incluye como procesos y herramientas para la gesti\u00f3n de equipos, medici\u00f3n de su desempe\u00f1o, seguridad ante incidentes y cat\u00e1strofes, as\u00ed como sistemas operativos b\u00e1sicos.<\/p><p>El activo m\u00e1s importante para una empresa es salvaguardar su informaci\u00f3n. Perm\u00edtanos ser sus aliados en esta misi\u00f3n.<\/p><\/div>\n\t\t\t\t<\/div>\n\t\t\t\t<\/div>\n\t\t\t\t\t\t<\/div>\n\t\t\t\t\t<\/div>\n\t\t<\/div>\n\t\t\t\t<div class=\"elementor-column elementor-col-50 elementor-top-column elementor-element elementor-element-3fdcc617\" data-id=\"3fdcc617\" data-element_type=\"column\">\n\t\t\t<div class=\"elementor-column-wrap elementor-element-populated\">\n\t\t\t\t\t\t\t<div class=\"elementor-widget-wrap\">\n\t\t\t\t\t\t<div class=\"elementor-element elementor-element-36d5d311 elementor-widget elementor-widget-image\" data-id=\"36d5d311\" data-element_type=\"widget\" data-widget_type=\"image.default\">\n\t\t\t\t<div class=\"elementor-widget-container\">\n\t\t\t\t\t<div class=\"elementor-image\">\n\t\t\t\t\t\t\t\t\t\t<img loading=\"lazy\" decoding=\"async\" width=\"462\" height=\"505\" src=\"https:\/\/trade360solutions.com\/wp-content\/uploads\/2020\/08\/infrastructure-development.png\" class=\"attachment-large size-large\" alt=\"\" srcset=\"https:\/\/trade360solutions.com\/wp-content\/uploads\/2020\/08\/infrastructure-development.png 462w, https:\/\/trade360solutions.com\/wp-content\/uploads\/2020\/08\/infrastructure-development-274x300.png 274w\" sizes=\"auto, (max-width: 462px) 100vw, 462px\" \/>\t\t\t\t\t\t\t\t\t\t\t<\/div>\n\t\t\t\t<\/div>\n\t\t\t\t<\/div>\n\t\t\t\t\t\t<\/div>\n\t\t\t\t\t<\/div>\n\t\t<\/div>\n\t\t\t\t\t\t\t\t<\/div>\n\t\t\t\t\t<\/div>\n\t\t<\/section>\n\t\t\t\t\t\t<\/div>\n\t\t\t\t\t\t<\/div>\n\t\t\t\t\t<\/div>","protected":false},"excerpt":{"rendered":"<p>Technological infrastructure. We take care of the development of the technological platform or infrastructure of your organization, covering the set of systems, computers, network electronics equipment, storage equipment, and other physical elements, along with the way that has been chosen&hellip;<\/p>","protected":false},"author":1,"featured_media":0,"parent":90,"menu_order":0,"comment_status":"closed","ping_status":"closed","template":"","meta":{"footnotes":""},"class_list":["post-105","page","type-page","status-publish","hentry"],"_links":{"self":[{"href":"https:\/\/trade360solutions.com\/es\/wp-json\/wp\/v2\/pages\/105","targetHints":{"allow":["GET"]}}],"collection":[{"href":"https:\/\/trade360solutions.com\/es\/wp-json\/wp\/v2\/pages"}],"about":[{"href":"https:\/\/trade360solutions.com\/es\/wp-json\/wp\/v2\/types\/page"}],"author":[{"embeddable":true,"href":"https:\/\/trade360solutions.com\/es\/wp-json\/wp\/v2\/users\/1"}],"replies":[{"embeddable":true,"href":"https:\/\/trade360solutions.com\/es\/wp-json\/wp\/v2\/comments?post=105"}],"version-history":[{"count":4,"href":"https:\/\/trade360solutions.com\/es\/wp-json\/wp\/v2\/pages\/105\/revisions"}],"predecessor-version":[{"id":403,"href":"https:\/\/trade360solutions.com\/es\/wp-json\/wp\/v2\/pages\/105\/revisions\/403"}],"up":[{"embeddable":true,"href":"https:\/\/trade360solutions.com\/es\/wp-json\/wp\/v2\/pages\/90"}],"wp:attachment":[{"href":"https:\/\/trade360solutions.com\/es\/wp-json\/wp\/v2\/media?parent=105"}],"curies":[{"name":"wp","href":"https:\/\/api.w.org\/{rel}","templated":true}]}}