{"id":103,"date":"2020-08-04T03:08:05","date_gmt":"2020-08-04T03:08:05","guid":{"rendered":"https:\/\/trade360solutions.com\/?page_id=103"},"modified":"2020-08-24T12:08:24","modified_gmt":"2020-08-24T18:08:24","slug":"marketing-consulting","status":"publish","type":"page","link":"https:\/\/trade360solutions.com\/es\/services\/marketing-consulting\/","title":{"rendered":"Consultor\u00eda de Mercadeo"},"content":{"rendered":"<div data-elementor-type=\"wp-page\" data-elementor-id=\"103\" class=\"elementor elementor-103\" data-elementor-settings=\"[]\">\n\t\t\t\t\t\t<div class=\"elementor-inner\">\n\t\t\t\t\t\t\t<div class=\"elementor-section-wrap\">\n\t\t\t\t\t\t\t<section class=\"elementor-section elementor-top-section elementor-element elementor-element-69a1f2e3 elementor-section-boxed elementor-section-height-default elementor-section-height-default\" data-id=\"69a1f2e3\" data-element_type=\"section\">\n\t\t\t\t\t\t<div class=\"elementor-container elementor-column-gap-default\">\n\t\t\t\t\t\t\t<div class=\"elementor-row\">\n\t\t\t\t\t<div class=\"elementor-column elementor-col-50 elementor-top-column elementor-element elementor-element-38304c68\" data-id=\"38304c68\" data-element_type=\"column\">\n\t\t\t<div class=\"elementor-column-wrap elementor-element-populated\">\n\t\t\t\t\t\t\t<div class=\"elementor-widget-wrap\">\n\t\t\t\t\t\t<div class=\"elementor-element elementor-element-dad2c4d elementor-widget elementor-widget-heading\" data-id=\"dad2c4d\" data-element_type=\"widget\" data-widget_type=\"heading.default\">\n\t\t\t\t<div class=\"elementor-widget-container\">\n\t\t\t<h2 class=\"elementor-heading-title elementor-size-default\">Transmita el mensaje al mercado objetivo.<\/h2>\t\t<\/div>\n\t\t\t\t<\/div>\n\t\t\t\t<div class=\"elementor-element elementor-element-19901c69 elementor-widget elementor-widget-text-editor\" data-id=\"19901c69\" data-element_type=\"widget\" data-widget_type=\"text-editor.default\">\n\t\t\t\t<div class=\"elementor-widget-container\">\n\t\t\t\t\t<div class=\"elementor-text-editor elementor-clearfix\"><p>Nuestros consultores ayudan a crear un plan de mercadeo detallado, a determinar el mensaje de mercadeo de una empresa e identificar la combinaci\u00f3n de mercadeo adecuada para transmitir el mensaje al mercado objetivo.<\/p><p>La mayor\u00eda de nuestros consultores tambi\u00e9n est\u00e1n involucrados en la implementaci\u00f3n de la estrategia de mercadeo. A menudo ayudan a monitorear los resultados y ajustar las campa\u00f1as a medida que avanzan para garantizar que las empresas obtengan los mejores resultados de sus esfuerzos de mercadeo.<\/p><\/div>\n\t\t\t\t<\/div>\n\t\t\t\t<\/div>\n\t\t\t\t\t\t<\/div>\n\t\t\t\t\t<\/div>\n\t\t<\/div>\n\t\t\t\t<div class=\"elementor-column elementor-col-50 elementor-top-column elementor-element elementor-element-6ac7094e\" data-id=\"6ac7094e\" data-element_type=\"column\">\n\t\t\t<div class=\"elementor-column-wrap elementor-element-populated\">\n\t\t\t\t\t\t\t<div class=\"elementor-widget-wrap\">\n\t\t\t\t\t\t<div class=\"elementor-element elementor-element-15cdeac6 elementor-widget elementor-widget-image\" data-id=\"15cdeac6\" data-element_type=\"widget\" data-widget_type=\"image.default\">\n\t\t\t\t<div class=\"elementor-widget-container\">\n\t\t\t\t\t<div class=\"elementor-image\">\n\t\t\t\t\t\t\t\t\t\t<img loading=\"lazy\" decoding=\"async\" width=\"976\" height=\"743\" src=\"https:\/\/trade360solutions.com\/wp-content\/uploads\/2020\/08\/marketing-consulting.png\" class=\"attachment-large size-large\" alt=\"\" srcset=\"https:\/\/trade360solutions.com\/wp-content\/uploads\/2020\/08\/marketing-consulting.png 976w, https:\/\/trade360solutions.com\/wp-content\/uploads\/2020\/08\/marketing-consulting-300x228.png 300w, https:\/\/trade360solutions.com\/wp-content\/uploads\/2020\/08\/marketing-consulting-768x585.png 768w, https:\/\/trade360solutions.com\/wp-content\/uploads\/2020\/08\/marketing-consulting-965x735.png 965w\" sizes=\"auto, (max-width: 976px) 100vw, 976px\" \/>\t\t\t\t\t\t\t\t\t\t\t<\/div>\n\t\t\t\t<\/div>\n\t\t\t\t<\/div>\n\t\t\t\t\t\t<\/div>\n\t\t\t\t\t<\/div>\n\t\t<\/div>\n\t\t\t\t\t\t\t\t<\/div>\n\t\t\t\t\t<\/div>\n\t\t<\/section>\n\t\t\t\t\t\t<\/div>\n\t\t\t\t\t\t<\/div>\n\t\t\t\t\t<\/div>","protected":false},"excerpt":{"rendered":"<p>Deliver the message to the target market. Our consultants help create a detailed marketing plan, determine a company&#8217;s marketing message, and identify the right marketing mix to deliver the message to the target market. Most of our consultants are also&hellip;<\/p>","protected":false},"author":1,"featured_media":0,"parent":90,"menu_order":0,"comment_status":"closed","ping_status":"closed","template":"","meta":{"footnotes":""},"class_list":["post-103","page","type-page","status-publish","hentry"],"_links":{"self":[{"href":"https:\/\/trade360solutions.com\/es\/wp-json\/wp\/v2\/pages\/103","targetHints":{"allow":["GET"]}}],"collection":[{"href":"https:\/\/trade360solutions.com\/es\/wp-json\/wp\/v2\/pages"}],"about":[{"href":"https:\/\/trade360solutions.com\/es\/wp-json\/wp\/v2\/types\/page"}],"author":[{"embeddable":true,"href":"https:\/\/trade360solutions.com\/es\/wp-json\/wp\/v2\/users\/1"}],"replies":[{"embeddable":true,"href":"https:\/\/trade360solutions.com\/es\/wp-json\/wp\/v2\/comments?post=103"}],"version-history":[{"count":4,"href":"https:\/\/trade360solutions.com\/es\/wp-json\/wp\/v2\/pages\/103\/revisions"}],"predecessor-version":[{"id":393,"href":"https:\/\/trade360solutions.com\/es\/wp-json\/wp\/v2\/pages\/103\/revisions\/393"}],"up":[{"embeddable":true,"href":"https:\/\/trade360solutions.com\/es\/wp-json\/wp\/v2\/pages\/90"}],"wp:attachment":[{"href":"https:\/\/trade360solutions.com\/es\/wp-json\/wp\/v2\/media?parent=103"}],"curies":[{"name":"wp","href":"https:\/\/api.w.org\/{rel}","templated":true}]}}