{"id":101,"date":"2020-08-04T03:07:27","date_gmt":"2020-08-04T03:07:27","guid":{"rendered":"https:\/\/trade360solutions.com\/?page_id=101"},"modified":"2020-08-24T12:31:35","modified_gmt":"2020-08-24T18:31:35","slug":"personalized-training","status":"publish","type":"page","link":"https:\/\/trade360solutions.com\/es\/services\/personalized-training\/","title":{"rendered":"Asesor\u00eda Personalizada"},"content":{"rendered":"<div data-elementor-type=\"wp-page\" data-elementor-id=\"101\" class=\"elementor elementor-101\" data-elementor-settings=\"[]\">\n\t\t\t\t\t\t<div class=\"elementor-inner\">\n\t\t\t\t\t\t\t<div class=\"elementor-section-wrap\">\n\t\t\t\t\t\t\t<section class=\"elementor-section elementor-top-section elementor-element elementor-element-724c3d0 elementor-section-boxed elementor-section-height-default elementor-section-height-default\" data-id=\"724c3d0\" data-element_type=\"section\">\n\t\t\t\t\t\t<div class=\"elementor-container elementor-column-gap-default\">\n\t\t\t\t\t\t\t<div class=\"elementor-row\">\n\t\t\t\t\t<div class=\"elementor-column elementor-col-50 elementor-top-column elementor-element elementor-element-400651f4\" data-id=\"400651f4\" data-element_type=\"column\">\n\t\t\t<div class=\"elementor-column-wrap elementor-element-populated\">\n\t\t\t\t\t\t\t<div class=\"elementor-widget-wrap\">\n\t\t\t\t\t\t<div class=\"elementor-element elementor-element-7e082ded elementor-widget elementor-widget-heading\" data-id=\"7e082ded\" data-element_type=\"widget\" data-widget_type=\"heading.default\">\n\t\t\t\t<div class=\"elementor-widget-container\">\n\t\t\t<h2 class=\"elementor-heading-title elementor-size-default\">Formaci\u00f3n y crecimiento constante.<\/h2>\t\t<\/div>\n\t\t\t\t<\/div>\n\t\t\t\t<div class=\"elementor-element elementor-element-632fb6c0 elementor-widget elementor-widget-text-editor\" data-id=\"632fb6c0\" data-element_type=\"widget\" data-widget_type=\"text-editor.default\">\n\t\t\t\t<div class=\"elementor-widget-container\">\n\t\t\t\t\t<div class=\"elementor-text-editor elementor-clearfix\"><p>No se puede negar la importancia de la formaci\u00f3n en el lugar de trabajo hoy en d\u00eda, y m\u00e1s empresas est\u00e1n adoptando sistemas de formaci\u00f3n para ayudar a sus empleados a crecer y adquirir nuevas habilidades. La nueva tendencia es ofrecer una formaci\u00f3n personalizada que se adapte a las necesidades y objetivos de cada empleado.<\/p><p>A trav\u00e9s de la capacitaci\u00f3n personalizada, los empleados pueden aprender lo que necesitan en sus niveles de experiencia espec\u00edficos y de acuerdo con sus trayectorias profesionales personales.<\/p><\/div>\n\t\t\t\t<\/div>\n\t\t\t\t<\/div>\n\t\t\t\t\t\t<\/div>\n\t\t\t\t\t<\/div>\n\t\t<\/div>\n\t\t\t\t<div class=\"elementor-column elementor-col-50 elementor-top-column elementor-element elementor-element-16ddfa3d\" data-id=\"16ddfa3d\" data-element_type=\"column\">\n\t\t\t<div class=\"elementor-column-wrap elementor-element-populated\">\n\t\t\t\t\t\t\t<div class=\"elementor-widget-wrap\">\n\t\t\t\t\t\t<div class=\"elementor-element elementor-element-570884dc elementor-widget elementor-widget-image\" data-id=\"570884dc\" data-element_type=\"widget\" data-widget_type=\"image.default\">\n\t\t\t\t<div class=\"elementor-widget-container\">\n\t\t\t\t\t<div class=\"elementor-image\">\n\t\t\t\t\t\t\t\t\t\t<img loading=\"lazy\" decoding=\"async\" width=\"976\" height=\"743\" src=\"https:\/\/trade360solutions.com\/wp-content\/uploads\/2020\/08\/personalized-training.png\" class=\"attachment-large size-large\" alt=\"\" srcset=\"https:\/\/trade360solutions.com\/wp-content\/uploads\/2020\/08\/personalized-training.png 976w, https:\/\/trade360solutions.com\/wp-content\/uploads\/2020\/08\/personalized-training-300x228.png 300w, https:\/\/trade360solutions.com\/wp-content\/uploads\/2020\/08\/personalized-training-768x585.png 768w, https:\/\/trade360solutions.com\/wp-content\/uploads\/2020\/08\/personalized-training-965x735.png 965w\" sizes=\"auto, (max-width: 976px) 100vw, 976px\" \/>\t\t\t\t\t\t\t\t\t\t\t<\/div>\n\t\t\t\t<\/div>\n\t\t\t\t<\/div>\n\t\t\t\t\t\t<\/div>\n\t\t\t\t\t<\/div>\n\t\t<\/div>\n\t\t\t\t\t\t\t\t<\/div>\n\t\t\t\t\t<\/div>\n\t\t<\/section>\n\t\t\t\t\t\t<\/div>\n\t\t\t\t\t\t<\/div>\n\t\t\t\t\t<\/div>","protected":false},"excerpt":{"rendered":"<p>Training and constant growth. There\u2019s no denying the importance of training in the workplace today, and more companies are adopting training systems to help their employees grow and acquire new skills. The new trend is to offer personalized training that\u2019s&hellip;<\/p>","protected":false},"author":1,"featured_media":0,"parent":90,"menu_order":0,"comment_status":"closed","ping_status":"closed","template":"","meta":{"footnotes":""},"class_list":["post-101","page","type-page","status-publish","hentry"],"_links":{"self":[{"href":"https:\/\/trade360solutions.com\/es\/wp-json\/wp\/v2\/pages\/101","targetHints":{"allow":["GET"]}}],"collection":[{"href":"https:\/\/trade360solutions.com\/es\/wp-json\/wp\/v2\/pages"}],"about":[{"href":"https:\/\/trade360solutions.com\/es\/wp-json\/wp\/v2\/types\/page"}],"author":[{"embeddable":true,"href":"https:\/\/trade360solutions.com\/es\/wp-json\/wp\/v2\/users\/1"}],"replies":[{"embeddable":true,"href":"https:\/\/trade360solutions.com\/es\/wp-json\/wp\/v2\/comments?post=101"}],"version-history":[{"count":5,"href":"https:\/\/trade360solutions.com\/es\/wp-json\/wp\/v2\/pages\/101\/revisions"}],"predecessor-version":[{"id":402,"href":"https:\/\/trade360solutions.com\/es\/wp-json\/wp\/v2\/pages\/101\/revisions\/402"}],"up":[{"embeddable":true,"href":"https:\/\/trade360solutions.com\/es\/wp-json\/wp\/v2\/pages\/90"}],"wp:attachment":[{"href":"https:\/\/trade360solutions.com\/es\/wp-json\/wp\/v2\/media?parent=101"}],"curies":[{"name":"wp","href":"https:\/\/api.w.org\/{rel}","templated":true}]}}